{"id":78,"date":"2019-05-03T06:04:51","date_gmt":"2019-05-03T06:04:51","guid":{"rendered":"https:\/\/acapriccio.es\/?page_id=78"},"modified":"2019-09-14T18:34:48","modified_gmt":"2019-09-14T18:34:48","slug":"eventos","status":"publish","type":"page","link":"https:\/\/acapriccio.es\/?page_id=78","title":{"rendered":"Eventos"},"content":{"rendered":"\t\t<div data-elementor-type=\"wp-page\" data-elementor-id=\"78\" class=\"elementor elementor-78\">\n\t\t\t\t\t\t<section class=\"elementor-section elementor-top-section elementor-element elementor-element-7664ce3 elementor-section-boxed elementor-section-height-default elementor-section-height-default\" data-id=\"7664ce3\" data-element_type=\"section\" data-e-type=\"section\">\n\t\t\t\t\t\t<div class=\"elementor-container elementor-column-gap-default\">\n\t\t\t\t\t<div class=\"elementor-column elementor-col-100 elementor-top-column elementor-element elementor-element-646af8f\" data-id=\"646af8f\" data-element_type=\"column\" data-e-type=\"column\">\n\t\t\t<div class=\"elementor-widget-wrap elementor-element-populated\">\n\t\t\t\t\t\t<div class=\"elementor-element elementor-element-51b20c8 elementor-widget elementor-widget-heading\" data-id=\"51b20c8\" data-element_type=\"widget\" data-e-type=\"widget\" data-widget_type=\"heading.default\">\n\t\t\t\t<div class=\"elementor-widget-container\">\n\t\t\t\t\t<h1 class=\"elementor-heading-title elementor-size-default\">Tipos de eventos<\/h1>\t\t\t\t<\/div>\n\t\t\t\t<\/div>\n\t\t\t\t\t<\/div>\n\t\t<\/div>\n\t\t\t\t\t<\/div>\n\t\t<\/section>\n\t\t\t\t<section class=\"elementor-section elementor-top-section elementor-element elementor-element-21355f9 elementor-section-boxed elementor-section-height-default elementor-section-height-default\" data-id=\"21355f9\" data-element_type=\"section\" data-e-type=\"section\">\n\t\t\t\t\t\t<div class=\"elementor-container elementor-column-gap-default\">\n\t\t\t\t\t<div class=\"elementor-column elementor-col-100 elementor-top-column elementor-element elementor-element-25cec85\" data-id=\"25cec85\" data-element_type=\"column\" data-e-type=\"column\">\n\t\t\t<div class=\"elementor-widget-wrap elementor-element-populated\">\n\t\t\t\t\t\t<div class=\"elementor-element elementor-element-b1c8636 elementor-widget elementor-widget-spacer\" data-id=\"b1c8636\" data-element_type=\"widget\" data-e-type=\"widget\" data-widget_type=\"spacer.default\">\n\t\t\t\t<div class=\"elementor-widget-container\">\n\t\t\t\t\t\t\t<div class=\"elementor-spacer\">\n\t\t\t<div class=\"elementor-spacer-inner\"><\/div>\n\t\t<\/div>\n\t\t\t\t\t\t<\/div>\n\t\t\t\t<\/div>\n\t\t\t\t\t<\/div>\n\t\t<\/div>\n\t\t\t\t\t<\/div>\n\t\t<\/section>\n\t\t\t\t<section class=\"elementor-section elementor-top-section elementor-element elementor-element-25de899 elementor-section-boxed elementor-section-height-default elementor-section-height-default\" data-id=\"25de899\" data-element_type=\"section\" data-e-type=\"section\">\n\t\t\t\t\t\t<div class=\"elementor-container elementor-column-gap-default\">\n\t\t\t\t\t<div class=\"elementor-column elementor-col-100 elementor-top-column elementor-element elementor-element-234e092\" data-id=\"234e092\" data-element_type=\"column\" data-e-type=\"column\">\n\t\t\t<div class=\"elementor-widget-wrap elementor-element-populated\">\n\t\t\t\t\t\t<div class=\"elementor-element elementor-element-819d6b0 elementor-widget elementor-widget-heading\" data-id=\"819d6b0\" data-element_type=\"widget\" data-e-type=\"widget\" data-widget_type=\"heading.default\">\n\t\t\t\t<div class=\"elementor-widget-container\">\n\t\t\t\t\t<h3 class=\"elementor-heading-title elementor-size-default\">Ceremonia religiosa<\/h3>\t\t\t\t<\/div>\n\t\t\t\t<\/div>\n\t\t\t\t\t<\/div>\n\t\t<\/div>\n\t\t\t\t\t<\/div>\n\t\t<\/section>\n\t\t\t\t<section class=\"elementor-section elementor-top-section elementor-element elementor-element-727ca0f elementor-section-boxed elementor-section-height-default elementor-section-height-default\" data-id=\"727ca0f\" data-element_type=\"section\" data-e-type=\"section\">\n\t\t\t\t\t\t<div class=\"elementor-container elementor-column-gap-default\">\n\t\t\t\t\t<div class=\"elementor-column elementor-col-50 elementor-top-column elementor-element elementor-element-268ac4d\" data-id=\"268ac4d\" data-element_type=\"column\" data-e-type=\"column\">\n\t\t\t<div class=\"elementor-widget-wrap elementor-element-populated\">\n\t\t\t\t\t\t<div class=\"elementor-element elementor-element-c4c4a8e elementor-widget elementor-widget-text-editor\" data-id=\"c4c4a8e\" data-element_type=\"widget\" data-e-type=\"widget\" data-widget_type=\"text-editor.default\">\n\t\t\t\t<div class=\"elementor-widget-container\">\n\t\t\t\t\t\t\t\t\t<p style=\"text-align: left;\">Por lo general, estas bodas siguen un esquema establecido, donde la m\u00fasica acompa\u00f1a en los momentos m\u00e1s emotivos, pero siempre respetando la importancia de la palabra. Por ello, proponemos una gu\u00eda para el desarrollo de la ceremonia, el cual puede ser modificado en base a vuestros gustos:<\/p><p>\u00a0<\/p><p style=\"text-align: center;\">ENTRADA DEL NOVIO<br \/>ENTRADA DE LA NOVIA<br \/>ALELUYA<br \/>ENTREGA\u00a0DE LOS ANILLOS Y LAS ARRAS<br \/>OFERTORIO<br \/>PAZ<br \/>COMUNI\u00d3N<br \/>BENDICI\u00d3N FINAL<br \/>FIRMAS Y FOTOS<\/p>\t\t\t\t\t\t\t\t<\/div>\n\t\t\t\t<\/div>\n\t\t\t\t\t<\/div>\n\t\t<\/div>\n\t\t\t\t<div class=\"elementor-column elementor-col-50 elementor-top-column elementor-element elementor-element-14063ff\" data-id=\"14063ff\" data-element_type=\"column\" data-e-type=\"column\">\n\t\t\t<div class=\"elementor-widget-wrap elementor-element-populated\">\n\t\t\t\t\t\t<div class=\"elementor-element elementor-element-a8b9ad2 elementor-widget elementor-widget-image\" data-id=\"a8b9ad2\" data-element_type=\"widget\" data-e-type=\"widget\" data-widget_type=\"image.default\">\n\t\t\t\t<div class=\"elementor-widget-container\">\n\t\t\t\t\t\t\t\t\t\t\t\t\t\t\t<img fetchpriority=\"high\" decoding=\"async\" width=\"847\" height=\"1024\" src=\"https:\/\/acapriccio.es\/wp-content\/uploads\/2019\/09\/wedding-decoration-flowers-church-wallpaper-preview-e1568466881571-847x1024.jpg\" class=\"attachment-large size-large wp-image-232\" alt=\"\" srcset=\"https:\/\/acapriccio.es\/wp-content\/uploads\/2019\/09\/wedding-decoration-flowers-church-wallpaper-preview-e1568466881571-847x1024.jpg 847w, https:\/\/acapriccio.es\/wp-content\/uploads\/2019\/09\/wedding-decoration-flowers-church-wallpaper-preview-e1568466881571-248x300.jpg 248w, https:\/\/acapriccio.es\/wp-content\/uploads\/2019\/09\/wedding-decoration-flowers-church-wallpaper-preview-e1568466881571-768x928.jpg 768w, https:\/\/acapriccio.es\/wp-content\/uploads\/2019\/09\/wedding-decoration-flowers-church-wallpaper-preview-e1568466881571-830x1003.jpg 830w, https:\/\/acapriccio.es\/wp-content\/uploads\/2019\/09\/wedding-decoration-flowers-church-wallpaper-preview-e1568466881571-230x278.jpg 230w, https:\/\/acapriccio.es\/wp-content\/uploads\/2019\/09\/wedding-decoration-flowers-church-wallpaper-preview-e1568466881571-350x423.jpg 350w, https:\/\/acapriccio.es\/wp-content\/uploads\/2019\/09\/wedding-decoration-flowers-church-wallpaper-preview-e1568466881571-480x580.jpg 480w, https:\/\/acapriccio.es\/wp-content\/uploads\/2019\/09\/wedding-decoration-flowers-church-wallpaper-preview-e1568466881571.jpg 969w\" sizes=\"(max-width: 847px) 100vw, 847px\" \/>\t\t\t\t\t\t\t\t\t\t\t\t\t\t\t<\/div>\n\t\t\t\t<\/div>\n\t\t\t\t\t<\/div>\n\t\t<\/div>\n\t\t\t\t\t<\/div>\n\t\t<\/section>\n\t\t\t\t<section class=\"elementor-section elementor-top-section elementor-element elementor-element-c95adc5 elementor-section-boxed elementor-section-height-default elementor-section-height-default\" data-id=\"c95adc5\" data-element_type=\"section\" data-e-type=\"section\">\n\t\t\t\t\t\t<div class=\"elementor-container elementor-column-gap-default\">\n\t\t\t\t\t<div class=\"elementor-column elementor-col-100 elementor-top-column elementor-element elementor-element-83d9b28\" data-id=\"83d9b28\" data-element_type=\"column\" data-e-type=\"column\">\n\t\t\t<div class=\"elementor-widget-wrap elementor-element-populated\">\n\t\t\t\t\t\t<div class=\"elementor-element elementor-element-640e9c5 elementor-widget elementor-widget-spacer\" data-id=\"640e9c5\" data-element_type=\"widget\" data-e-type=\"widget\" data-widget_type=\"spacer.default\">\n\t\t\t\t<div class=\"elementor-widget-container\">\n\t\t\t\t\t\t\t<div class=\"elementor-spacer\">\n\t\t\t<div class=\"elementor-spacer-inner\"><\/div>\n\t\t<\/div>\n\t\t\t\t\t\t<\/div>\n\t\t\t\t<\/div>\n\t\t\t\t\t<\/div>\n\t\t<\/div>\n\t\t\t\t\t<\/div>\n\t\t<\/section>\n\t\t\t\t<section class=\"elementor-section elementor-top-section elementor-element elementor-element-784b43c elementor-section-boxed elementor-section-height-default elementor-section-height-default\" data-id=\"784b43c\" data-element_type=\"section\" data-e-type=\"section\">\n\t\t\t\t\t\t<div class=\"elementor-container elementor-column-gap-default\">\n\t\t\t\t\t<div class=\"elementor-column elementor-col-100 elementor-top-column elementor-element elementor-element-5faf750\" data-id=\"5faf750\" data-element_type=\"column\" data-e-type=\"column\">\n\t\t\t<div class=\"elementor-widget-wrap elementor-element-populated\">\n\t\t\t\t\t\t<div class=\"elementor-element elementor-element-0a82c98 elementor-widget elementor-widget-heading\" data-id=\"0a82c98\" data-element_type=\"widget\" data-e-type=\"widget\" data-widget_type=\"heading.default\">\n\t\t\t\t<div class=\"elementor-widget-container\">\n\t\t\t\t\t<h3 class=\"elementor-heading-title elementor-size-default\">Ceremonia civil<\/h3>\t\t\t\t<\/div>\n\t\t\t\t<\/div>\n\t\t\t\t\t<\/div>\n\t\t<\/div>\n\t\t\t\t\t<\/div>\n\t\t<\/section>\n\t\t\t\t<section class=\"elementor-section elementor-top-section elementor-element elementor-element-8e05801 elementor-section-boxed elementor-section-height-default elementor-section-height-default\" data-id=\"8e05801\" data-element_type=\"section\" data-e-type=\"section\">\n\t\t\t\t\t\t<div class=\"elementor-container elementor-column-gap-default\">\n\t\t\t\t\t<div class=\"elementor-column elementor-col-50 elementor-top-column elementor-element elementor-element-ecc5fcd\" data-id=\"ecc5fcd\" data-element_type=\"column\" data-e-type=\"column\">\n\t\t\t<div class=\"elementor-widget-wrap elementor-element-populated\">\n\t\t\t\t\t\t<div class=\"elementor-element elementor-element-5f4289b elementor-widget elementor-widget-text-editor\" data-id=\"5f4289b\" data-element_type=\"widget\" data-e-type=\"widget\" data-widget_type=\"text-editor.default\">\n\t\t\t\t<div class=\"elementor-widget-container\">\n\t\t\t\t\t\t\t\t\t<p>Cada boda es \u00fanica y especial, y por ello creemos que debe estar acompa\u00f1ada por m\u00fasica que m\u00e1s guste a los novios y a la familia. La siguiente gu\u00eda es un mero ejemplo de c\u00f3mo podr\u00eda desarrollarse la ceremonia:<\/p><p>\u00a0<\/p><p style=\"text-align: center;\">ENTRADA DEL NOVIO<br \/>ENTRADA DE LA NOVIA<br \/>TRAS EL ART. 68 DE C. C.<br \/>ENTREGA\u00a0DE LOS ANILLOS<br \/>RITO DE LAS ARENAS<br \/>BESO<br \/>FIRMAS Y FOTOS<br \/>SALIDA DE LOS NOVIOS<\/p>\t\t\t\t\t\t\t\t<\/div>\n\t\t\t\t<\/div>\n\t\t\t\t\t<\/div>\n\t\t<\/div>\n\t\t\t\t<div class=\"elementor-column elementor-col-50 elementor-top-column elementor-element elementor-element-c646d9c\" data-id=\"c646d9c\" data-element_type=\"column\" data-e-type=\"column\">\n\t\t\t<div class=\"elementor-widget-wrap elementor-element-populated\">\n\t\t\t\t\t\t<div class=\"elementor-element elementor-element-851f868 elementor-widget elementor-widget-image\" data-id=\"851f868\" data-element_type=\"widget\" data-e-type=\"widget\" data-widget_type=\"image.default\">\n\t\t\t\t<div class=\"elementor-widget-container\">\n\t\t\t\t\t\t\t\t\t\t\t\t\t\t\t<img decoding=\"async\" src=\"https:\/\/acapriccio.es\/wp-content\/uploads\/2019\/09\/rito-de-las-arenas-e1568464569794.jpg\" title=\"rito de las arenas 2\" alt=\"rito de las arenas 2\" loading=\"lazy\" \/>\t\t\t\t\t\t\t\t\t\t\t\t\t\t\t<\/div>\n\t\t\t\t<\/div>\n\t\t\t\t\t<\/div>\n\t\t<\/div>\n\t\t\t\t\t<\/div>\n\t\t<\/section>\n\t\t\t\t<section class=\"elementor-section elementor-top-section elementor-element elementor-element-3ff1dc6 elementor-section-boxed elementor-section-height-default elementor-section-height-default\" data-id=\"3ff1dc6\" data-element_type=\"section\" data-e-type=\"section\">\n\t\t\t\t\t\t<div class=\"elementor-container elementor-column-gap-default\">\n\t\t\t\t\t<div class=\"elementor-column elementor-col-100 elementor-top-column elementor-element elementor-element-d825cb3\" data-id=\"d825cb3\" data-element_type=\"column\" data-e-type=\"column\">\n\t\t\t<div class=\"elementor-widget-wrap elementor-element-populated\">\n\t\t\t\t\t\t<div class=\"elementor-element elementor-element-ed026e1 elementor-widget elementor-widget-spacer\" data-id=\"ed026e1\" data-element_type=\"widget\" data-e-type=\"widget\" data-widget_type=\"spacer.default\">\n\t\t\t\t<div class=\"elementor-widget-container\">\n\t\t\t\t\t\t\t<div class=\"elementor-spacer\">\n\t\t\t<div class=\"elementor-spacer-inner\"><\/div>\n\t\t<\/div>\n\t\t\t\t\t\t<\/div>\n\t\t\t\t<\/div>\n\t\t\t\t\t<\/div>\n\t\t<\/div>\n\t\t\t\t\t<\/div>\n\t\t<\/section>\n\t\t\t\t<section class=\"elementor-section elementor-top-section elementor-element elementor-element-7fbe8ed elementor-section-boxed elementor-section-height-default elementor-section-height-default\" data-id=\"7fbe8ed\" data-element_type=\"section\" data-e-type=\"section\">\n\t\t\t\t\t\t<div class=\"elementor-container elementor-column-gap-default\">\n\t\t\t\t\t<div class=\"elementor-column elementor-col-100 elementor-top-column elementor-element elementor-element-90673fb\" data-id=\"90673fb\" data-element_type=\"column\" data-e-type=\"column\">\n\t\t\t<div class=\"elementor-widget-wrap elementor-element-populated\">\n\t\t\t\t\t\t<div class=\"elementor-element elementor-element-fe8a78c elementor-widget elementor-widget-heading\" data-id=\"fe8a78c\" data-element_type=\"widget\" data-e-type=\"widget\" data-widget_type=\"heading.default\">\n\t\t\t\t<div class=\"elementor-widget-container\">\n\t\t\t\t\t<h3 class=\"elementor-heading-title elementor-size-default\">C\u00f3ctel y otros eventos<\/h3>\t\t\t\t<\/div>\n\t\t\t\t<\/div>\n\t\t\t\t\t<\/div>\n\t\t<\/div>\n\t\t\t\t\t<\/div>\n\t\t<\/section>\n\t\t\t\t<section class=\"elementor-section elementor-top-section elementor-element elementor-element-6fff94c elementor-section-boxed elementor-section-height-default elementor-section-height-default\" data-id=\"6fff94c\" data-element_type=\"section\" data-e-type=\"section\">\n\t\t\t\t\t\t<div class=\"elementor-container elementor-column-gap-default\">\n\t\t\t\t\t<div class=\"elementor-column elementor-col-50 elementor-top-column elementor-element elementor-element-ffa6c22\" data-id=\"ffa6c22\" data-element_type=\"column\" data-e-type=\"column\">\n\t\t\t<div class=\"elementor-widget-wrap elementor-element-populated\">\n\t\t\t\t\t\t<div class=\"elementor-element elementor-element-5c8d0cd elementor-widget elementor-widget-text-editor\" data-id=\"5c8d0cd\" data-element_type=\"widget\" data-e-type=\"widget\" data-widget_type=\"text-editor.default\">\n\t\t\t\t<div class=\"elementor-widget-container\">\n\t\t\t\t\t\t\t\t\t<p>El tipo de evento, as\u00ed como su estilo, determinar\u00e1 la m\u00fasica que ha de ser escogida para acompa\u00f1ar la ceremonia o velada. Nuestra experiencia nos permite adaptarnos a cada tipo de acontecimiento, pero siempre tenemos en cuenta vuestras peticiones.\u00a0<\/p>\t\t\t\t\t\t\t\t<\/div>\n\t\t\t\t<\/div>\n\t\t\t\t\t<\/div>\n\t\t<\/div>\n\t\t\t\t<div class=\"elementor-column elementor-col-50 elementor-top-column elementor-element elementor-element-f70b9ce\" data-id=\"f70b9ce\" data-element_type=\"column\" data-e-type=\"column\">\n\t\t\t<div class=\"elementor-widget-wrap elementor-element-populated\">\n\t\t\t\t\t\t<div class=\"elementor-element elementor-element-c851f8b elementor-widget elementor-widget-image\" data-id=\"c851f8b\" data-element_type=\"widget\" data-e-type=\"widget\" data-widget_type=\"image.default\">\n\t\t\t\t<div class=\"elementor-widget-container\">\n\t\t\t\t\t\t\t\t\t\t\t\t\t\t\t<img decoding=\"async\" width=\"1024\" height=\"637\" src=\"https:\/\/acapriccio.es\/wp-content\/uploads\/2019\/09\/2017-11-03-22-11-02-1200x747-1024x637.jpg\" class=\"attachment-large size-large wp-image-204\" alt=\"\" srcset=\"https:\/\/acapriccio.es\/wp-content\/uploads\/2019\/09\/2017-11-03-22-11-02-1200x747-1024x637.jpg 1024w, https:\/\/acapriccio.es\/wp-content\/uploads\/2019\/09\/2017-11-03-22-11-02-1200x747-300x187.jpg 300w, https:\/\/acapriccio.es\/wp-content\/uploads\/2019\/09\/2017-11-03-22-11-02-1200x747-768x478.jpg 768w, https:\/\/acapriccio.es\/wp-content\/uploads\/2019\/09\/2017-11-03-22-11-02-1200x747-830x517.jpg 830w, https:\/\/acapriccio.es\/wp-content\/uploads\/2019\/09\/2017-11-03-22-11-02-1200x747-230x143.jpg 230w, https:\/\/acapriccio.es\/wp-content\/uploads\/2019\/09\/2017-11-03-22-11-02-1200x747-350x218.jpg 350w, https:\/\/acapriccio.es\/wp-content\/uploads\/2019\/09\/2017-11-03-22-11-02-1200x747-480x299.jpg 480w, https:\/\/acapriccio.es\/wp-content\/uploads\/2019\/09\/2017-11-03-22-11-02-1200x747.jpg 1200w\" sizes=\"(max-width: 1024px) 100vw, 1024px\" \/>\t\t\t\t\t\t\t\t\t\t\t\t\t\t\t<\/div>\n\t\t\t\t<\/div>\n\t\t\t\t\t<\/div>\n\t\t<\/div>\n\t\t\t\t\t<\/div>\n\t\t<\/section>\n\t\t\t\t<\/div>\n\t\t","protected":false},"excerpt":{"rendered":"<p>Tipos de eventos Ceremonia religiosa Por lo general, estas bodas siguen un esquema establecido, donde la m\u00fasica acompa\u00f1a en los momentos m\u00e1s [&hellip;]<\/p>\n","protected":false},"author":1,"featured_media":0,"parent":0,"menu_order":0,"comment_status":"closed","ping_status":"closed","template":"page-templates\/page_fullwidth.php","meta":{"footnotes":""},"class_list":["post-78","page","type-page","status-publish","hentry"],"_links":{"self":[{"href":"https:\/\/acapriccio.es\/index.php?rest_route=\/wp\/v2\/pages\/78","targetHints":{"allow":["GET"]}}],"collection":[{"href":"https:\/\/acapriccio.es\/index.php?rest_route=\/wp\/v2\/pages"}],"about":[{"href":"https:\/\/acapriccio.es\/index.php?rest_route=\/wp\/v2\/types\/page"}],"author":[{"embeddable":true,"href":"https:\/\/acapriccio.es\/index.php?rest_route=\/wp\/v2\/users\/1"}],"replies":[{"embeddable":true,"href":"https:\/\/acapriccio.es\/index.php?rest_route=%2Fwp%2Fv2%2Fcomments&post=78"}],"version-history":[{"count":26,"href":"https:\/\/acapriccio.es\/index.php?rest_route=\/wp\/v2\/pages\/78\/revisions"}],"predecessor-version":[{"id":281,"href":"https:\/\/acapriccio.es\/index.php?rest_route=\/wp\/v2\/pages\/78\/revisions\/281"}],"wp:attachment":[{"href":"https:\/\/acapriccio.es\/index.php?rest_route=%2Fwp%2Fv2%2Fmedia&parent=78"}],"curies":[{"name":"wp","href":"https:\/\/api.w.org\/{rel}","templated":true}]}}