{"id":8,"date":"2019-05-02T09:49:16","date_gmt":"2019-05-02T09:49:16","guid":{"rendered":"https:\/\/acapriccio.es\/?page_id=8"},"modified":"2019-10-10T19:57:56","modified_gmt":"2019-10-10T19:57:56","slug":"inicio","status":"publish","type":"page","link":"https:\/\/acapriccio.es\/","title":{"rendered":"Inicio"},"content":{"rendered":"\t\t<div data-elementor-type=\"wp-page\" data-elementor-id=\"8\" class=\"elementor elementor-8\">\n\t\t\t\t\t\t<section class=\"elementor-section elementor-top-section elementor-element elementor-element-60def57c elementor-section-boxed elementor-section-height-default elementor-section-height-default\" data-id=\"60def57c\" data-element_type=\"section\" data-e-type=\"section\">\n\t\t\t\t\t\t<div class=\"elementor-container elementor-column-gap-default\">\n\t\t\t\t\t<div class=\"elementor-column elementor-col-100 elementor-top-column elementor-element elementor-element-5ce8a30b\" data-id=\"5ce8a30b\" data-element_type=\"column\" data-e-type=\"column\">\n\t\t\t<div class=\"elementor-widget-wrap elementor-element-populated\">\n\t\t\t\t\t\t<div class=\"elementor-element elementor-element-d2f964d elementor-widget elementor-widget-text-editor\" data-id=\"d2f964d\" data-element_type=\"widget\" data-e-type=\"widget\" data-widget_type=\"text-editor.default\">\n\t\t\t\t<div class=\"elementor-widget-container\">\n\t\t\t\t\t\t\t\t\t<h2 class=\"wsite-content-title\" data-sr-id=\"2\">La mejor m\u00fasica para tus eventos<\/h2>\t\t\t\t\t\t\t\t<\/div>\n\t\t\t\t<\/div>\n\t\t\t\t\t<\/div>\n\t\t<\/div>\n\t\t\t\t\t<\/div>\n\t\t<\/section>\n\t\t\t\t<section class=\"elementor-section elementor-top-section elementor-element elementor-element-1d44482 elementor-section-boxed elementor-section-height-default elementor-section-height-default\" data-id=\"1d44482\" data-element_type=\"section\" data-e-type=\"section\">\n\t\t\t\t\t\t<div class=\"elementor-container elementor-column-gap-default\">\n\t\t\t\t\t<div class=\"elementor-column elementor-col-100 elementor-top-column elementor-element elementor-element-17c6fa6\" data-id=\"17c6fa6\" data-element_type=\"column\" data-e-type=\"column\">\n\t\t\t<div class=\"elementor-widget-wrap elementor-element-populated\">\n\t\t\t\t\t\t<div class=\"elementor-element elementor-element-d48ca7b elementor-widget elementor-widget-text-editor\" data-id=\"d48ca7b\" data-element_type=\"widget\" data-e-type=\"widget\" data-widget_type=\"text-editor.default\">\n\t\t\t\t<div class=\"elementor-widget-container\">\n\t\t\t\t\t\t\t\t\t<p>La m\u00fasica es un aspecto fundamental en la organizaci\u00f3n de un evento. Se trata por lo tanto de\u00a0la banda sonora que acompa\u00f1ar\u00e1 a los asistentes durante el per\u00edodo que dura el evento, pudiendo llegar a influir en su estado de \u00e1nimo e incluso en la percepci\u00f3n de su experiencia. Es esencial que la m\u00fasica escogida, est\u00e9 en armon\u00eda con el estilo del acontecimiento, de los invitados y de los anfitriones.\u00a0<\/p><p>Nuestra agrupaci\u00f3n art\u00edstica est\u00e1 compuesta por m\u00fasicos profesionales, con muchos a\u00f1os de experiencia en el sector. Nos caracterizamos por una capacidad polifac\u00e9tica que nos permite adaptarnos a cualquier tipo de evento. Calidad, profesionalidad y un trato cercano, son los aspectos principales que nos caracterizan.<\/p><p>\u00a0<\/p>\t\t\t\t\t\t\t\t<\/div>\n\t\t\t\t<\/div>\n\t\t\t\t\t<\/div>\n\t\t<\/div>\n\t\t\t\t\t<\/div>\n\t\t<\/section>\n\t\t\t\t<\/div>\n\t\t","protected":false},"excerpt":{"rendered":"<p>La mejor m\u00fasica para tus eventos La m\u00fasica es un aspecto fundamental en la organizaci\u00f3n de un evento. Se trata por lo [&hellip;]<\/p>\n","protected":false},"author":1,"featured_media":0,"parent":0,"menu_order":0,"comment_status":"closed","ping_status":"closed","template":"page-templates\/page_fullwidth.php","meta":{"footnotes":""},"class_list":["post-8","page","type-page","status-publish","hentry"],"_links":{"self":[{"href":"https:\/\/acapriccio.es\/index.php?rest_route=\/wp\/v2\/pages\/8","targetHints":{"allow":["GET"]}}],"collection":[{"href":"https:\/\/acapriccio.es\/index.php?rest_route=\/wp\/v2\/pages"}],"about":[{"href":"https:\/\/acapriccio.es\/index.php?rest_route=\/wp\/v2\/types\/page"}],"author":[{"embeddable":true,"href":"https:\/\/acapriccio.es\/index.php?rest_route=\/wp\/v2\/users\/1"}],"replies":[{"embeddable":true,"href":"https:\/\/acapriccio.es\/index.php?rest_route=%2Fwp%2Fv2%2Fcomments&post=8"}],"version-history":[{"count":6,"href":"https:\/\/acapriccio.es\/index.php?rest_route=\/wp\/v2\/pages\/8\/revisions"}],"predecessor-version":[{"id":286,"href":"https:\/\/acapriccio.es\/index.php?rest_route=\/wp\/v2\/pages\/8\/revisions\/286"}],"wp:attachment":[{"href":"https:\/\/acapriccio.es\/index.php?rest_route=%2Fwp%2Fv2%2Fmedia&parent=8"}],"curies":[{"name":"wp","href":"https:\/\/api.w.org\/{rel}","templated":true}]}}