{"id":80,"date":"2019-05-03T06:05:45","date_gmt":"2019-05-03T06:05:45","guid":{"rendered":"https:\/\/acapriccio.es\/?page_id=80"},"modified":"2019-09-14T17:21:56","modified_gmt":"2019-09-14T17:21:56","slug":"repertorio","status":"publish","type":"page","link":"https:\/\/acapriccio.es\/?page_id=80","title":{"rendered":"Repertorio"},"content":{"rendered":"\t\t<div data-elementor-type=\"wp-page\" data-elementor-id=\"80\" class=\"elementor elementor-80\">\n\t\t\t\t\t\t<section class=\"elementor-section elementor-top-section elementor-element elementor-element-98de030 elementor-section-boxed elementor-section-height-default elementor-section-height-default\" data-id=\"98de030\" data-element_type=\"section\" data-e-type=\"section\">\n\t\t\t\t\t\t<div class=\"elementor-container elementor-column-gap-default\">\n\t\t\t\t\t<div class=\"elementor-column elementor-col-100 elementor-top-column elementor-element elementor-element-6a64ba8\" data-id=\"6a64ba8\" data-element_type=\"column\" data-e-type=\"column\">\n\t\t\t<div class=\"elementor-widget-wrap elementor-element-populated\">\n\t\t\t\t\t\t<div class=\"elementor-element elementor-element-299097b elementor-widget elementor-widget-heading\" data-id=\"299097b\" data-element_type=\"widget\" data-e-type=\"widget\" data-widget_type=\"heading.default\">\n\t\t\t\t<div class=\"elementor-widget-container\">\n\t\t\t\t\t<h1 class=\"elementor-heading-title elementor-size-default\">Repertorio<\/h1>\t\t\t\t<\/div>\n\t\t\t\t<\/div>\n\t\t\t\t<div class=\"elementor-element elementor-element-f56e9e8 elementor-widget elementor-widget-text-editor\" data-id=\"f56e9e8\" data-element_type=\"widget\" data-e-type=\"widget\" data-widget_type=\"text-editor.default\">\n\t\t\t\t<div class=\"elementor-widget-container\">\n\t\t\t\t\t\t\t\t\t<p>Siempre tenemos en cuenta vuestros gustos y peticiones. Por ello nos comprometemos a hacer los arreglos de vuestras canciones predilectas, garantizando as\u00ed una celebraci\u00f3n original y \u00fanica.\u00a0 De la misma manera, os podemos asesorar con el resto del repertorio, siempre en base a vuestro estilo.\u00a0<\/p><p>Las siguientes obras son s\u00f3lo un peque\u00f1o ejemplo del ampl\u00edsimo repertorio que ofrecemos.<\/p>\t\t\t\t\t\t\t\t<\/div>\n\t\t\t\t<\/div>\n\t\t\t\t\t<\/div>\n\t\t<\/div>\n\t\t\t\t\t<\/div>\n\t\t<\/section>\n\t\t\t\t<section class=\"elementor-section elementor-top-section elementor-element elementor-element-2e4f82b elementor-section-boxed elementor-section-height-default elementor-section-height-default\" data-id=\"2e4f82b\" data-element_type=\"section\" data-e-type=\"section\">\n\t\t\t\t\t\t<div class=\"elementor-container elementor-column-gap-default\">\n\t\t\t\t\t<div class=\"elementor-column elementor-col-33 elementor-top-column elementor-element elementor-element-e3fe11a\" data-id=\"e3fe11a\" data-element_type=\"column\" data-e-type=\"column\">\n\t\t\t<div class=\"elementor-widget-wrap elementor-element-populated\">\n\t\t\t\t\t\t<div class=\"elementor-element elementor-element-03f2e2e elementor-widget elementor-widget-heading\" data-id=\"03f2e2e\" data-element_type=\"widget\" data-e-type=\"widget\" data-widget_type=\"heading.default\">\n\t\t\t\t<div class=\"elementor-widget-container\">\n\t\t\t\t\t<h5 class=\"elementor-heading-title elementor-size-default\">M\u00fasica cl\u00e1sica<\/h5>\t\t\t\t<\/div>\n\t\t\t\t<\/div>\n\t\t\t\t<div class=\"elementor-element elementor-element-0bf8524 elementor-widget elementor-widget-text-editor\" data-id=\"0bf8524\" data-element_type=\"widget\" data-e-type=\"widget\" data-widget_type=\"text-editor.default\">\n\t\t\t\t<div class=\"elementor-widget-container\">\n\t\t\t\t\t\t\t\t\t<p>Adagio &#8211; Albinoni<br \/>Adagio &#8211; Bach<br \/>Aria &#8211; Bach<br \/>Ave Mar\u00eda &#8211; Schubert<br \/>Barcarola &#8211; Offenbach<br \/>Canon &#8211; Pachelbel<br \/>Menuet &#8211; Boccherini<br \/>F\u00fcr Elise &#8211; Beethoven<br \/>Nesum dorma<br \/>La Traviata<br \/>Nocturno &#8211; Chopin<br \/>Claro de luna &#8211; Debussy<br \/>La dona e mobile &#8211; Verdi<br \/>El lago de los cisnes<\/p><p>\u00a0<\/p>\t\t\t\t\t\t\t\t<\/div>\n\t\t\t\t<\/div>\n\t\t\t\t\t<\/div>\n\t\t<\/div>\n\t\t\t\t<div class=\"elementor-column elementor-col-33 elementor-top-column elementor-element elementor-element-baf1821\" data-id=\"baf1821\" data-element_type=\"column\" data-e-type=\"column\">\n\t\t\t<div class=\"elementor-widget-wrap elementor-element-populated\">\n\t\t\t\t\t\t<div class=\"elementor-element elementor-element-906b314 elementor-widget elementor-widget-heading\" data-id=\"906b314\" data-element_type=\"widget\" data-e-type=\"widget\" data-widget_type=\"heading.default\">\n\t\t\t\t<div class=\"elementor-widget-container\">\n\t\t\t\t\t<h5 class=\"elementor-heading-title elementor-size-default\">Bandas sonoras<\/h5>\t\t\t\t<\/div>\n\t\t\t\t<\/div>\n\t\t\t\t<div class=\"elementor-element elementor-element-eb3a931 elementor-widget elementor-widget-text-editor\" data-id=\"eb3a931\" data-element_type=\"widget\" data-e-type=\"widget\" data-widget_type=\"text-editor.default\">\n\t\t\t\t<div class=\"elementor-widget-container\">\n\t\t\t\t\t\t\t\t\t<p>A time for us &#8211; Romeo y Julieta<br \/>Forest Gump<br \/>Gabriel&#8217;s oboe &#8211; La Misi\u00f3n<br \/>Memorias de \u00c1frica<br \/>Moonriver<br \/>Caresse sour l&#8217;ocean &#8211; Los ni\u00f1os del coro<br \/>Up &#8211; Disney<br \/>La vida es bella<br \/>My heart will go on &#8211; Titanic<br \/>Only time &#8211; Enya<br \/>Somewhere over the rainbow<br \/>The ludlows &#8211; Legends of the fall<br \/>Your song &#8211; Elton John<br \/>River flows in you &#8211; Yiruma<\/p><p>\u00a0<\/p>\t\t\t\t\t\t\t\t<\/div>\n\t\t\t\t<\/div>\n\t\t\t\t\t<\/div>\n\t\t<\/div>\n\t\t\t\t<div class=\"elementor-column elementor-col-33 elementor-top-column elementor-element elementor-element-c879172\" data-id=\"c879172\" data-element_type=\"column\" data-e-type=\"column\">\n\t\t\t<div class=\"elementor-widget-wrap elementor-element-populated\">\n\t\t\t\t\t\t<div class=\"elementor-element elementor-element-a2ff0b7 elementor-widget elementor-widget-heading\" data-id=\"a2ff0b7\" data-element_type=\"widget\" data-e-type=\"widget\" data-widget_type=\"heading.default\">\n\t\t\t\t<div class=\"elementor-widget-container\">\n\t\t\t\t\t<h5 class=\"elementor-heading-title elementor-size-default\">Otros estilos<\/h5>\t\t\t\t<\/div>\n\t\t\t\t<\/div>\n\t\t\t\t<div class=\"elementor-element elementor-element-0dfc53d elementor-widget elementor-widget-text-editor\" data-id=\"0dfc53d\" data-element_type=\"widget\" data-e-type=\"widget\" data-widget_type=\"text-editor.default\">\n\t\t\t\t<div class=\"elementor-widget-container\">\n\t\t\t\t\t\t\t\t\t<p>B\u00e9same mucho<br \/>Let it be &#8211; Beatles<br \/>Photograph &#8211; Ed Sheeran<br \/>Someone like you &#8211; Adele<br \/>Something stupid<br \/>Viva la vida &#8211; Coldplay<br \/>Yesterday &#8211; Beatles<br \/>Love of my life &#8211; Queen<br \/>Autumn lives<br \/>Tango Por una cabeza<br \/>Hallelujah &#8211; Leonard Cohen<br \/>Fly me to the moon &#8211; Frank Sinatra<br \/>Imagine &#8211; John Lennon<br \/>La vie en rose<\/p>\t\t\t\t\t\t\t\t<\/div>\n\t\t\t\t<\/div>\n\t\t\t\t\t<\/div>\n\t\t<\/div>\n\t\t\t\t\t<\/div>\n\t\t<\/section>\n\t\t\t\t<section class=\"elementor-section elementor-top-section elementor-element elementor-element-6bf320b elementor-section-boxed elementor-section-height-default elementor-section-height-default\" data-id=\"6bf320b\" data-element_type=\"section\" data-e-type=\"section\">\n\t\t\t\t\t\t<div class=\"elementor-container elementor-column-gap-default\">\n\t\t\t\t\t<div class=\"elementor-column elementor-col-100 elementor-top-column elementor-element elementor-element-1acf459\" data-id=\"1acf459\" data-element_type=\"column\" data-e-type=\"column\">\n\t\t\t<div class=\"elementor-widget-wrap elementor-element-populated\">\n\t\t\t\t\t\t<div class=\"elementor-element elementor-element-dcab303 elementor-widget elementor-widget-text-editor\" data-id=\"dcab303\" data-element_type=\"widget\" data-e-type=\"widget\" data-widget_type=\"text-editor.default\">\n\t\t\t\t<div class=\"elementor-widget-container\">\n\t\t\t\t\t\t\t\t\t<p style=\"text-align: center;\">Pr\u00f3ximamente publicaremos nuestras grabaciones<\/p>\t\t\t\t\t\t\t\t<\/div>\n\t\t\t\t<\/div>\n\t\t\t\t<div class=\"elementor-element elementor-element-3003968 elementor-button-info elementor-align-center elementor-widget elementor-widget-button\" data-id=\"3003968\" data-element_type=\"widget\" data-e-type=\"widget\" data-widget_type=\"button.default\">\n\t\t\t\t<div class=\"elementor-widget-container\">\n\t\t\t\t\t\t\t\t\t<div class=\"elementor-button-wrapper\">\n\t\t\t\t\t<a class=\"elementor-button elementor-button-link elementor-size-sm\" href=\"#\">\n\t\t\t\t\t\t<span class=\"elementor-button-content-wrapper\">\n\t\t\t\t\t\t\t\t\t<span class=\"elementor-button-text\">V\u00eddeos y grabaciones<\/span>\n\t\t\t\t\t<\/span>\n\t\t\t\t\t<\/a>\n\t\t\t\t<\/div>\n\t\t\t\t\t\t\t\t<\/div>\n\t\t\t\t<\/div>\n\t\t\t\t<div class=\"elementor-element elementor-element-dc3bb36 elementor-widget elementor-widget-spacer\" data-id=\"dc3bb36\" data-element_type=\"widget\" data-e-type=\"widget\" data-widget_type=\"spacer.default\">\n\t\t\t\t<div class=\"elementor-widget-container\">\n\t\t\t\t\t\t\t<div class=\"elementor-spacer\">\n\t\t\t<div class=\"elementor-spacer-inner\"><\/div>\n\t\t<\/div>\n\t\t\t\t\t\t<\/div>\n\t\t\t\t<\/div>\n\t\t\t\t\t<\/div>\n\t\t<\/div>\n\t\t\t\t\t<\/div>\n\t\t<\/section>\n\t\t\t\t<section class=\"elementor-section elementor-top-section elementor-element elementor-element-f4954ea elementor-section-boxed elementor-section-height-default elementor-section-height-default\" data-id=\"f4954ea\" data-element_type=\"section\" data-e-type=\"section\">\n\t\t\t\t\t\t<div class=\"elementor-container elementor-column-gap-default\">\n\t\t\t\t\t<div class=\"elementor-column elementor-col-100 elementor-top-column elementor-element elementor-element-7f33ad5\" data-id=\"7f33ad5\" data-element_type=\"column\" data-e-type=\"column\">\n\t\t\t<div class=\"elementor-widget-wrap elementor-element-populated\">\n\t\t\t\t\t\t<div class=\"elementor-element elementor-element-4edf04e elementor-widget elementor-widget-heading\" data-id=\"4edf04e\" data-element_type=\"widget\" data-e-type=\"widget\" data-widget_type=\"heading.default\">\n\t\t\t\t<div class=\"elementor-widget-container\">\n\t\t\t\t\t<h1 class=\"elementor-heading-title elementor-size-default\">Agrupaciones<\/h1>\t\t\t\t<\/div>\n\t\t\t\t<\/div>\n\t\t\t\t<div class=\"elementor-element elementor-element-af44d65 elementor-widget elementor-widget-text-editor\" data-id=\"af44d65\" data-element_type=\"widget\" data-e-type=\"widget\" data-widget_type=\"text-editor.default\">\n\t\t\t\t<div class=\"elementor-widget-container\">\n\t\t\t\t\t\t\t\t\t<p>Formamos distintas agrupaciones contando siempre con los gustos y las necesidades de cada evento. Por ejemplo, si el acto se produce en el exterior, necesitar\u00e1 m\u00e1s potencia sonora para que llegue a todos los invitados. Si por el contrario se va a desarrollar en un recinto peque\u00f1o y cerrado, no convendr\u00eda saturar el sonido.<\/p><p>A continuaci\u00f3n os mostramos algunos ejemplos de las agrupaciones m\u00e1s frecuentes:<\/p><ul><li>Tr\u00edo de viol\u00edn, violonchelo y piano<\/li><li>Cuarteto de cuerda<\/li><li>D\u00fao de piano y viol\u00edn<\/li><li>D\u00fao de viol\u00edn y violonchelo<\/li><li>D\u00fao de piano y flauta<\/li><li>Viol\u00edn solo<\/li><li>Piano solo<\/li><\/ul>\t\t\t\t\t\t\t\t<\/div>\n\t\t\t\t<\/div>\n\t\t\t\t\t<\/div>\n\t\t<\/div>\n\t\t\t\t\t<\/div>\n\t\t<\/section>\n\t\t\t\t<\/div>\n\t\t","protected":false},"excerpt":{"rendered":"<p>Repertorio Siempre tenemos en cuenta vuestros gustos y peticiones. Por ello nos comprometemos a hacer los arreglos de vuestras canciones predilectas, garantizando [&hellip;]<\/p>\n","protected":false},"author":1,"featured_media":205,"parent":0,"menu_order":0,"comment_status":"closed","ping_status":"closed","template":"page-templates\/page_fullwidth.php","meta":{"footnotes":""},"class_list":["post-80","page","type-page","status-publish","has-post-thumbnail","hentry"],"_links":{"self":[{"href":"https:\/\/acapriccio.es\/index.php?rest_route=\/wp\/v2\/pages\/80","targetHints":{"allow":["GET"]}}],"collection":[{"href":"https:\/\/acapriccio.es\/index.php?rest_route=\/wp\/v2\/pages"}],"about":[{"href":"https:\/\/acapriccio.es\/index.php?rest_route=\/wp\/v2\/types\/page"}],"author":[{"embeddable":true,"href":"https:\/\/acapriccio.es\/index.php?rest_route=\/wp\/v2\/users\/1"}],"replies":[{"embeddable":true,"href":"https:\/\/acapriccio.es\/index.php?rest_route=%2Fwp%2Fv2%2Fcomments&post=80"}],"version-history":[{"count":28,"href":"https:\/\/acapriccio.es\/index.php?rest_route=\/wp\/v2\/pages\/80\/revisions"}],"predecessor-version":[{"id":268,"href":"https:\/\/acapriccio.es\/index.php?rest_route=\/wp\/v2\/pages\/80\/revisions\/268"}],"wp:featuredmedia":[{"embeddable":true,"href":"https:\/\/acapriccio.es\/index.php?rest_route=\/wp\/v2\/media\/205"}],"wp:attachment":[{"href":"https:\/\/acapriccio.es\/index.php?rest_route=%2Fwp%2Fv2%2Fmedia&parent=80"}],"curies":[{"name":"wp","href":"https:\/\/api.w.org\/{rel}","templated":true}]}}